{"id":1035,"date":"2023-11-02T19:25:09","date_gmt":"2023-11-02T19:25:09","guid":{"rendered":"https:\/\/zrecyklingu.pl\/?page_id=1035"},"modified":"2025-03-03T11:20:42","modified_gmt":"2025-03-03T11:20:42","slug":"warsztaty","status":"publish","type":"page","link":"https:\/\/zrecyklingu.pl\/index.php\/warsztaty\/","title":{"rendered":"Warsztaty"},"content":{"rendered":"\t\t<div data-elementor-type=\"wp-page\" data-elementor-id=\"1035\" class=\"elementor elementor-1035\">\n\t\t\t\t\t\t<section class=\"elementor-section elementor-top-section elementor-element elementor-element-c048477 elementor-section-boxed elementor-section-height-default elementor-section-height-default\" data-id=\"c048477\" data-element_type=\"section\" data-settings=\"{&quot;background_background&quot;:&quot;classic&quot;}\">\n\t\t\t\t\t\t\t<div class=\"elementor-background-overlay\"><\/div>\n\t\t\t\t\t\t\t<div class=\"elementor-container elementor-column-gap-default\">\n\t\t\t\t\t<div class=\"elementor-column elementor-col-50 elementor-top-column elementor-element elementor-element-419b810\" data-id=\"419b810\" data-element_type=\"column\">\n\t\t\t<div class=\"elementor-widget-wrap elementor-element-populated\">\n\t\t\t\t\t\t<div class=\"elementor-element elementor-element-0db7c44 elementor-widget elementor-widget-heading\" data-id=\"0db7c44\" data-element_type=\"widget\" data-widget_type=\"heading.default\">\n\t\t\t\t<div class=\"elementor-widget-container\">\n\t\t\t\t\t<h3 class=\"elementor-heading-title elementor-size-large\">O warsztatach:<\/h3>\t\t\t\t<\/div>\n\t\t\t\t<\/div>\n\t\t\t\t<div class=\"elementor-element elementor-element-e18ae6c elementor-widget__width-initial elementor-widget elementor-widget-text-editor\" data-id=\"e18ae6c\" data-element_type=\"widget\" data-widget_type=\"text-editor.default\">\n\t\t\t\t<div class=\"elementor-widget-container\">\n\t\t\t\t\t\t\t\t\t<p>podczas warsztat\u00f3w stworzymy rzeczy, kt\u00f3re mo\u017cna u\u017cywa\u0107<br \/>i dzi\u0119ki kt\u00f3rym nie musimy kupowa\u0107 czego\u015b nowego.<\/p><p>Materia\u0142ami, kt\u00f3re b\u0119dziemy u\u017cywa\u0107 w wi\u0119kszo\u015bci b\u0119d\u0105 rzeczy, kt\u00f3re straci\u0142y swoj\u0105 pierwotn\u0105 warto\u015b\u0107 i trafi\u0142y by do kosza na \u015bmieci &#8211; w najlepszym przypadku do odpowiedniego kosza na \u015bmieci segregowane.<\/p>\t\t\t\t\t\t\t\t<\/div>\n\t\t\t\t<\/div>\n\t\t\t\t\t<\/div>\n\t\t<\/div>\n\t\t\t\t<div class=\"elementor-column elementor-col-50 elementor-top-column elementor-element elementor-element-1be2ac9\" data-id=\"1be2ac9\" data-element_type=\"column\">\n\t\t\t<div class=\"elementor-widget-wrap elementor-element-populated\">\n\t\t\t\t\t\t<div class=\"elementor-element elementor-element-15d5d7d elementor-widget-tablet__width-initial elementor-widget elementor-widget-image\" data-id=\"15d5d7d\" data-element_type=\"widget\" data-widget_type=\"image.default\">\n\t\t\t\t<div class=\"elementor-widget-container\">\n\t\t\t\t\t\t\t\t\t\t\t\t\t\t\t<img fetchpriority=\"high\" decoding=\"async\" width=\"300\" height=\"300\" src=\"https:\/\/zrecyklingu.pl\/wp-content\/uploads\/2024\/03\/wloczka_z_tshirtu-300x300.jpg\" class=\"attachment-medium size-medium wp-image-1206\" alt=\"tshirt yarn\" srcset=\"https:\/\/zrecyklingu.pl\/wp-content\/uploads\/2024\/03\/wloczka_z_tshirtu-300x300.jpg 300w, https:\/\/zrecyklingu.pl\/wp-content\/uploads\/2024\/03\/wloczka_z_tshirtu-100x100.jpg 100w, https:\/\/zrecyklingu.pl\/wp-content\/uploads\/2024\/03\/wloczka_z_tshirtu-150x150.jpg 150w, https:\/\/zrecyklingu.pl\/wp-content\/uploads\/2024\/03\/wloczka_z_tshirtu.jpg 600w\" sizes=\"(max-width: 300px) 100vw, 300px\" \/>\t\t\t\t\t\t\t\t\t\t\t\t\t\t\t<\/div>\n\t\t\t\t<\/div>\n\t\t\t\t\t<\/div>\n\t\t<\/div>\n\t\t\t\t\t<\/div>\n\t\t<\/section>\n\t\t\t\t<section class=\"elementor-section elementor-top-section elementor-element elementor-element-91a5c6d elementor-reverse-tablet elementor-reverse-mobile elementor-section-boxed elementor-section-height-default elementor-section-height-default\" data-id=\"91a5c6d\" data-element_type=\"section\" data-settings=\"{&quot;background_background&quot;:&quot;classic&quot;}\">\n\t\t\t\t\t\t\t<div class=\"elementor-background-overlay\"><\/div>\n\t\t\t\t\t\t\t<div class=\"elementor-container elementor-column-gap-default\">\n\t\t\t\t\t<div class=\"elementor-column elementor-col-50 elementor-top-column elementor-element elementor-element-0a83665\" data-id=\"0a83665\" data-element_type=\"column\">\n\t\t\t<div class=\"elementor-widget-wrap elementor-element-populated\">\n\t\t\t\t\t\t<div class=\"elementor-element elementor-element-6f1edfd elementor-widget-tablet__width-initial elementor-widget elementor-widget-image\" data-id=\"6f1edfd\" data-element_type=\"widget\" data-widget_type=\"image.default\">\n\t\t\t\t<div class=\"elementor-widget-container\">\n\t\t\t\t\t\t\t\t\t\t\t\t\t\t\t<img decoding=\"async\" width=\"300\" height=\"300\" src=\"https:\/\/zrecyklingu.pl\/wp-content\/uploads\/2024\/03\/warsztaty_z_upcyklingu-300x300.jpg\" class=\"attachment-medium size-medium wp-image-1207\" alt=\"warsztaty_z_upcyklingu\" srcset=\"https:\/\/zrecyklingu.pl\/wp-content\/uploads\/2024\/03\/warsztaty_z_upcyklingu-300x300.jpg 300w, https:\/\/zrecyklingu.pl\/wp-content\/uploads\/2024\/03\/warsztaty_z_upcyklingu-100x100.jpg 100w, https:\/\/zrecyklingu.pl\/wp-content\/uploads\/2024\/03\/warsztaty_z_upcyklingu-150x150.jpg 150w, https:\/\/zrecyklingu.pl\/wp-content\/uploads\/2024\/03\/warsztaty_z_upcyklingu.jpg 600w\" sizes=\"(max-width: 300px) 100vw, 300px\" \/>\t\t\t\t\t\t\t\t\t\t\t\t\t\t\t<\/div>\n\t\t\t\t<\/div>\n\t\t\t\t\t<\/div>\n\t\t<\/div>\n\t\t\t\t<div class=\"elementor-column elementor-col-50 elementor-top-column elementor-element elementor-element-ec5993e\" data-id=\"ec5993e\" data-element_type=\"column\">\n\t\t\t<div class=\"elementor-widget-wrap elementor-element-populated\">\n\t\t\t\t\t\t<div class=\"elementor-element elementor-element-d6fff97 elementor-widget__width-initial elementor-widget elementor-widget-text-editor\" data-id=\"d6fff97\" data-element_type=\"widget\" data-widget_type=\"text-editor.default\">\n\t\t\t\t<div class=\"elementor-widget-container\">\n\t\t\t\t\t\t\t\t\t<p>Warsztaty, kt\u00f3re proponuj\u0119 s\u0105 przy tym \u015bwietn\u0105 okazj\u0105 do tego aby sp\u0119dzi\u0107 czas kreatywnie, ciekawie i w mi\u0142ym towarzystwie. Ka\u017cdy z uczestnik\u00f3w warsztat\u00f3w stworzy w\u0142asne i niepowtarzalne dzie\u0142o. Ponadto, warsztaty te s\u0105 \u015bwietnym elementem edukacji w zakresie szeroko poj\u0119tej ekologii i wp\u0142ywu cz\u0142owieka na \u015brodowisko, kt\u00f3re go otacza.<\/p>\t\t\t\t\t\t\t\t<\/div>\n\t\t\t\t<\/div>\n\t\t\t\t\t<\/div>\n\t\t<\/div>\n\t\t\t\t\t<\/div>\n\t\t<\/section>\n\t\t\t\t<section class=\"elementor-section elementor-top-section elementor-element elementor-element-1075674 elementor-section-boxed elementor-section-height-default elementor-section-height-default\" data-id=\"1075674\" data-element_type=\"section\" data-settings=\"{&quot;background_background&quot;:&quot;classic&quot;}\">\n\t\t\t\t\t\t\t<div class=\"elementor-background-overlay\"><\/div>\n\t\t\t\t\t\t\t<div class=\"elementor-container elementor-column-gap-default\">\n\t\t\t\t\t<div class=\"elementor-column elementor-col-50 elementor-top-column elementor-element elementor-element-59d2521\" data-id=\"59d2521\" data-element_type=\"column\">\n\t\t\t<div class=\"elementor-widget-wrap elementor-element-populated\">\n\t\t\t\t\t\t<div class=\"elementor-element elementor-element-5d7f2a6 elementor-widget elementor-widget-heading\" data-id=\"5d7f2a6\" data-element_type=\"widget\" data-widget_type=\"heading.default\">\n\t\t\t\t<div class=\"elementor-widget-container\">\n\t\t\t\t\t<h3 class=\"elementor-heading-title elementor-size-large\">Szczeg\u00f3\u0142ow\u0105 ofert\u0119 warsztat\u00f3w znajdziesz tutaj:<\/h3>\t\t\t\t<\/div>\n\t\t\t\t<\/div>\n\t\t\t\t<div class=\"elementor-element elementor-element-9d5cdf7 elementor-align-center elementor-widget elementor-widget-button\" data-id=\"9d5cdf7\" data-element_type=\"widget\" data-widget_type=\"button.default\">\n\t\t\t\t<div class=\"elementor-widget-container\">\n\t\t\t\t\t\t\t\t\t<div class=\"elementor-button-wrapper\">\n\t\t\t\t\t<a class=\"elementor-button elementor-button-link elementor-size-sm\" href=\"https:\/\/zrecyklingu.pl\/wp-content\/uploads\/2025\/03\/warsztatyzrecyklingu.pdf\">\n\t\t\t\t\t\t<span class=\"elementor-button-content-wrapper\">\n\t\t\t\t\t\t\t\t\t<span class=\"elementor-button-text\">WSZYSTKO O WARSZTATACH<\/span>\n\t\t\t\t\t<\/span>\n\t\t\t\t\t<\/a>\n\t\t\t\t<\/div>\n\t\t\t\t\t\t\t\t<\/div>\n\t\t\t\t<\/div>\n\t\t\t\t\t<\/div>\n\t\t<\/div>\n\t\t\t\t<div class=\"elementor-column elementor-col-50 elementor-top-column elementor-element elementor-element-84ebf2f\" data-id=\"84ebf2f\" data-element_type=\"column\">\n\t\t\t<div class=\"elementor-widget-wrap\">\n\t\t\t\t\t\t\t<\/div>\n\t\t<\/div>\n\t\t\t\t\t<\/div>\n\t\t<\/section>\n\t\t\t\t<section class=\"elementor-section elementor-top-section elementor-element elementor-element-eaed37e elementor-section-boxed elementor-section-height-default elementor-section-height-default\" data-id=\"eaed37e\" data-element_type=\"section\">\n\t\t\t\t\t\t<div class=\"elementor-container elementor-column-gap-default\">\n\t\t\t\t\t<div class=\"elementor-column elementor-col-100 elementor-top-column elementor-element elementor-element-5b5846d\" data-id=\"5b5846d\" data-element_type=\"column\">\n\t\t\t<div class=\"elementor-widget-wrap\">\n\t\t\t\t\t\t\t<\/div>\n\t\t<\/div>\n\t\t\t\t\t<\/div>\n\t\t<\/section>\n\t\t\t\t<\/div>\n\t\t","protected":false},"excerpt":{"rendered":"<p>O warsztatach: podczas warsztat\u00f3w stworzymy rzeczy, kt\u00f3re mo\u017cna u\u017cywa\u0107i dzi\u0119ki kt\u00f3rym nie musimy kupowa\u0107 czego\u015b nowego. Materia\u0142ami, kt\u00f3re b\u0119dziemy u\u017cywa\u0107 w wi\u0119kszo\u015bci b\u0119d\u0105 rzeczy, kt\u00f3re straci\u0142y swoj\u0105 pierwotn\u0105 warto\u015b\u0107 i trafi\u0142y by do kosza na \u015bmieci &#8211; w najlepszym przypadku do odpowiedniego kosza na \u015bmieci segregowane. Warsztaty, kt\u00f3re proponuj\u0119 s\u0105 przy tym \u015bwietn\u0105 okazj\u0105 do [&hellip;]<\/p>\n","protected":false},"author":1,"featured_media":0,"parent":0,"menu_order":0,"comment_status":"closed","ping_status":"closed","template":"","meta":{"site-sidebar-layout":"no-sidebar","site-content-layout":"","ast-site-content-layout":"full-width-container","site-content-style":"default","site-sidebar-style":"default","ast-global-header-display":"","ast-banner-title-visibility":"","ast-main-header-display":"","ast-hfb-above-header-display":"","ast-hfb-below-header-display":"","ast-hfb-mobile-header-display":"","site-post-title":"disabled","ast-breadcrumbs-content":"","ast-featured-img":"disabled","footer-sml-layout":"","theme-transparent-header-meta":"","adv-header-id-meta":"","stick-header-meta":"","header-above-stick-meta":"","header-main-stick-meta":"","header-below-stick-meta":"","astra-migrate-meta-layouts":"default","ast-page-background-enabled":"default","ast-page-background-meta":{"desktop":{"background-color":"var(--ast-global-color-4)","background-image":"","background-repeat":"repeat","background-position":"center center","background-size":"auto","background-attachment":"scroll","background-type":"","background-media":"","overlay-type":"","overlay-color":"","overlay-gradient":""},"tablet":{"background-color":"","background-image":"","background-repeat":"repeat","background-position":"center center","background-size":"auto","background-attachment":"scroll","background-type":"","background-media":"","overlay-type":"","overlay-color":"","overlay-gradient":""},"mobile":{"background-color":"","background-image":"","background-repeat":"repeat","background-position":"center center","background-size":"auto","background-attachment":"scroll","background-type":"","background-media":"","overlay-type":"","overlay-color":"","overlay-gradient":""}},"ast-content-background-meta":{"desktop":{"background-color":"var(--ast-global-color-5)","background-image":"","background-repeat":"repeat","background-position":"center center","background-size":"auto","background-attachment":"scroll","background-type":"","background-media":"","overlay-type":"","overlay-color":"","overlay-gradient":""},"tablet":{"background-color":"var(--ast-global-color-5)","background-image":"","background-repeat":"repeat","background-position":"center center","background-size":"auto","background-attachment":"scroll","background-type":"","background-media":"","overlay-type":"","overlay-color":"","overlay-gradient":""},"mobile":{"background-color":"var(--ast-global-color-5)","background-image":"","background-repeat":"repeat","background-position":"center center","background-size":"auto","background-attachment":"scroll","background-type":"","background-media":"","overlay-type":"","overlay-color":"","overlay-gradient":""}},"footnotes":""},"class_list":["post-1035","page","type-page","status-publish","hentry"],"_links":{"self":[{"href":"https:\/\/zrecyklingu.pl\/index.php\/wp-json\/wp\/v2\/pages\/1035"}],"collection":[{"href":"https:\/\/zrecyklingu.pl\/index.php\/wp-json\/wp\/v2\/pages"}],"about":[{"href":"https:\/\/zrecyklingu.pl\/index.php\/wp-json\/wp\/v2\/types\/page"}],"author":[{"embeddable":true,"href":"https:\/\/zrecyklingu.pl\/index.php\/wp-json\/wp\/v2\/users\/1"}],"replies":[{"embeddable":true,"href":"https:\/\/zrecyklingu.pl\/index.php\/wp-json\/wp\/v2\/comments?post=1035"}],"version-history":[{"count":25,"href":"https:\/\/zrecyklingu.pl\/index.php\/wp-json\/wp\/v2\/pages\/1035\/revisions"}],"predecessor-version":[{"id":1408,"href":"https:\/\/zrecyklingu.pl\/index.php\/wp-json\/wp\/v2\/pages\/1035\/revisions\/1408"}],"wp:attachment":[{"href":"https:\/\/zrecyklingu.pl\/index.php\/wp-json\/wp\/v2\/media?parent=1035"}],"curies":[{"name":"wp","href":"https:\/\/api.w.org\/{rel}","templated":true}]}}