{"id":1037,"date":"2023-11-02T19:25:30","date_gmt":"2023-11-02T19:25:30","guid":{"rendered":"https:\/\/zrecyklingu.pl\/?page_id=1037"},"modified":"2024-03-21T11:32:57","modified_gmt":"2024-03-21T11:32:57","slug":"o-nas","status":"publish","type":"page","link":"https:\/\/zrecyklingu.pl\/index.php\/o-nas\/","title":{"rendered":"O nas"},"content":{"rendered":"\t\t<div data-elementor-type=\"wp-page\" data-elementor-id=\"1037\" class=\"elementor elementor-1037\">\n\t\t\t\t\t\t<section class=\"elementor-section elementor-top-section elementor-element elementor-element-08b854c elementor-section-content-middle elementor-reverse-mobile elementor-section-boxed elementor-section-height-default elementor-section-height-default\" data-id=\"08b854c\" data-element_type=\"section\">\n\t\t\t\t\t\t<div class=\"elementor-container elementor-column-gap-wide\">\n\t\t\t\t\t<div class=\"elementor-column elementor-col-50 elementor-top-column elementor-element elementor-element-f293b12\" data-id=\"f293b12\" data-element_type=\"column\">\n\t\t\t<div class=\"elementor-widget-wrap elementor-element-populated\">\n\t\t\t\t\t\t<div class=\"elementor-element elementor-element-8a97a04 elementor-widget elementor-widget-heading\" data-id=\"8a97a04\" data-element_type=\"widget\" data-widget_type=\"heading.default\">\n\t\t\t\t<div class=\"elementor-widget-container\">\n\t\t\t\t\t<h6 class=\"elementor-heading-title elementor-size-small\">Cze\u015b\u0107, tutaj Doli i Filip \u2013 ma\u0142\u017ce\u0144stwo kt\u00f3rego wsp\u00f3ln\u0105 pasj\u0105 sta\u0142o si\u0119 tworzenie przedmiot\u00f3w z rzeczy, kt\u00f3re ludzie zdecydowali si\u0119 wyrzuci\u0107. Naszym celem sta\u0142o si\u0119 minimalizowanie konsumpcji i kupowanie nowych rzeczy jedynie wtedy, gdy nie uda nam si\u0119 niczym innym ich zast\u0105pi\u0107. Jeste\u015bmy zwolennikami zasady 5R (refuse, reduce, reuse, recycle, rot), o kt\u00f3rej na pewno b\u0119dziemy tutaj nie raz wspomina\u0107. \n<\/h6>\t\t\t\t<\/div>\n\t\t\t\t<\/div>\n\t\t\t\t\t<\/div>\n\t\t<\/div>\n\t\t\t\t<div class=\"elementor-column elementor-col-50 elementor-top-column elementor-element elementor-element-6ca1a1c\" data-id=\"6ca1a1c\" data-element_type=\"column\">\n\t\t\t<div class=\"elementor-widget-wrap elementor-element-populated\">\n\t\t\t\t\t\t<div class=\"elementor-element elementor-element-a914f1d elementor-widget elementor-widget-image\" data-id=\"a914f1d\" data-element_type=\"widget\" data-widget_type=\"image.default\">\n\t\t\t\t<div class=\"elementor-widget-container\">\n\t\t\t\t\t\t\t\t\t\t\t\t\t\t\t<img fetchpriority=\"high\" decoding=\"async\" width=\"300\" height=\"300\" src=\"https:\/\/zrecyklingu.pl\/wp-content\/uploads\/2023\/08\/zalozyciele_z_zrecyklingu_pl-300x300.jpg\" class=\"attachment-medium size-medium wp-image-708\" alt=\"Za\u0142o\u017cyciele i tw\u00f3rcy zrecyklingu.pl\" srcset=\"https:\/\/zrecyklingu.pl\/wp-content\/uploads\/2023\/08\/zalozyciele_z_zrecyklingu_pl-300x300.jpg 300w, https:\/\/zrecyklingu.pl\/wp-content\/uploads\/2023\/08\/zalozyciele_z_zrecyklingu_pl-100x100.jpg 100w, https:\/\/zrecyklingu.pl\/wp-content\/uploads\/2023\/08\/zalozyciele_z_zrecyklingu_pl-600x600.jpg 600w, https:\/\/zrecyklingu.pl\/wp-content\/uploads\/2023\/08\/zalozyciele_z_zrecyklingu_pl-150x150.jpg 150w, https:\/\/zrecyklingu.pl\/wp-content\/uploads\/2023\/08\/zalozyciele_z_zrecyklingu_pl-768x768.jpg 768w, https:\/\/zrecyklingu.pl\/wp-content\/uploads\/2023\/08\/zalozyciele_z_zrecyklingu_pl.jpg 1000w\" sizes=\"(max-width: 300px) 100vw, 300px\" \/>\t\t\t\t\t\t\t\t\t\t\t\t\t\t\t<\/div>\n\t\t\t\t<\/div>\n\t\t\t\t\t<\/div>\n\t\t<\/div>\n\t\t\t\t\t<\/div>\n\t\t<\/section>\n\t\t\t\t<section class=\"elementor-section elementor-top-section elementor-element elementor-element-1f8543a elementor-section-content-middle elementor-reverse-tablet elementor-section-boxed elementor-section-height-default elementor-section-height-default\" data-id=\"1f8543a\" data-element_type=\"section\">\n\t\t\t\t\t\t<div class=\"elementor-container elementor-column-gap-wide\">\n\t\t\t\t\t<div class=\"elementor-column elementor-col-50 elementor-top-column elementor-element elementor-element-4c918e0\" data-id=\"4c918e0\" data-element_type=\"column\">\n\t\t\t<div class=\"elementor-widget-wrap elementor-element-populated\">\n\t\t\t\t\t\t<div class=\"elementor-element elementor-element-35c8776 elementor-widget elementor-widget-image\" data-id=\"35c8776\" data-element_type=\"widget\" data-widget_type=\"image.default\">\n\t\t\t\t<div class=\"elementor-widget-container\">\n\t\t\t\t\t\t\t\t\t\t\t\t\t\t\t<img decoding=\"async\" width=\"300\" height=\"300\" src=\"https:\/\/zrecyklingu.pl\/wp-content\/uploads\/2024\/02\/Untitled-1-3-300x300.jpg\" class=\"attachment-medium size-medium wp-image-1160\" alt=\"Na zdj\u0119ciu wida\u0107 kobiet\u0119 u\u015bmiechaj\u0105c\u0105 si\u0119 do obiektywu.\" srcset=\"https:\/\/zrecyklingu.pl\/wp-content\/uploads\/2024\/02\/Untitled-1-3-300x300.jpg 300w, https:\/\/zrecyklingu.pl\/wp-content\/uploads\/2024\/02\/Untitled-1-3-100x100.jpg 100w, https:\/\/zrecyklingu.pl\/wp-content\/uploads\/2024\/02\/Untitled-1-3-150x150.jpg 150w, https:\/\/zrecyklingu.pl\/wp-content\/uploads\/2024\/02\/Untitled-1-3.jpg 400w\" sizes=\"(max-width: 300px) 100vw, 300px\" \/>\t\t\t\t\t\t\t\t\t\t\t\t\t\t\t<\/div>\n\t\t\t\t<\/div>\n\t\t\t\t\t<\/div>\n\t\t<\/div>\n\t\t\t\t<div class=\"elementor-column elementor-col-50 elementor-top-column elementor-element elementor-element-773a7ae\" data-id=\"773a7ae\" data-element_type=\"column\">\n\t\t\t<div class=\"elementor-widget-wrap elementor-element-populated\">\n\t\t\t\t\t\t<div class=\"elementor-element elementor-element-2a3761e elementor-widget elementor-widget-heading\" data-id=\"2a3761e\" data-element_type=\"widget\" data-widget_type=\"heading.default\">\n\t\t\t\t<div class=\"elementor-widget-container\">\n\t\t\t\t\t<h6 class=\"elementor-heading-title elementor-size-small\">Chcemy na tej stronie promowa\u0107 odpowiedzialne zachowania konsumenckie. B\u0119dziemy dzieli\u0107 si\u0119 z Wami naszymi pomys\u0142ami, realizacjami oraz wiedz\u0105 w dziedzinie dawania przedmiotom drugiego \u017cycia. Bardzo by\u015bmy chcieli, aby strona ta sta\u0142a si\u0119 r\u00f3wnie\u017c miejscem spotka\u0144 os\u00f3b poszukuj\u0105cych wyj\u0105tkowych przedmiot\u00f3w oraz tych, kt\u00f3rzy takie przedmioty tworz\u0105 z recyklingu. <\/h6>\t\t\t\t<\/div>\n\t\t\t\t<\/div>\n\t\t\t\t\t<\/div>\n\t\t<\/div>\n\t\t\t\t\t<\/div>\n\t\t<\/section>\n\t\t\t\t<section class=\"elementor-section elementor-top-section elementor-element elementor-element-a869570 elementor-section-content-middle elementor-reverse-mobile elementor-section-boxed elementor-section-height-default elementor-section-height-default\" data-id=\"a869570\" data-element_type=\"section\">\n\t\t\t\t\t\t<div class=\"elementor-container elementor-column-gap-wide\">\n\t\t\t\t\t<div class=\"elementor-column elementor-col-50 elementor-top-column elementor-element elementor-element-0e55f01\" data-id=\"0e55f01\" data-element_type=\"column\">\n\t\t\t<div class=\"elementor-widget-wrap elementor-element-populated\">\n\t\t\t\t\t\t<div class=\"elementor-element elementor-element-dcebcf3 elementor-widget elementor-widget-heading\" data-id=\"dcebcf3\" data-element_type=\"widget\" data-widget_type=\"heading.default\">\n\t\t\t\t<div class=\"elementor-widget-container\">\n\t\t\t\t\t<h6 class=\"elementor-heading-title elementor-size-small\">Sami nadajemy przedmiotom drugie \u017cycie. \nDoli w g\u0142\u00f3wnej mierze tworzy z w\u0142\u00f3czki z recyklingu.  Filip lubi tworzy\u0107 meble z materia\u0142\u00f3w z recyklingu. Lubimy ratowa\u0107 przedmioty i meble, kt\u00f3re mia\u0142y zako\u0144czy\u0107 sw\u00f3j \u017cywot na sk\u0142adowisku odpad\u00f3w.<\/h6>\t\t\t\t<\/div>\n\t\t\t\t<\/div>\n\t\t\t\t\t<\/div>\n\t\t<\/div>\n\t\t\t\t<div class=\"elementor-column elementor-col-50 elementor-top-column elementor-element elementor-element-b4b5813\" data-id=\"b4b5813\" data-element_type=\"column\">\n\t\t\t<div class=\"elementor-widget-wrap elementor-element-populated\">\n\t\t\t\t\t\t<div class=\"elementor-element elementor-element-9f541ae elementor-widget elementor-widget-image\" data-id=\"9f541ae\" data-element_type=\"widget\" data-widget_type=\"image.default\">\n\t\t\t\t<div class=\"elementor-widget-container\">\n\t\t\t\t\t\t\t\t\t\t\t\t\t\t\t<img decoding=\"async\" width=\"300\" height=\"300\" src=\"https:\/\/zrecyklingu.pl\/wp-content\/uploads\/2024\/03\/szafka_z_szufladami-300x300.jpg\" class=\"attachment-medium size-medium wp-image-1259\" alt=\"Na zdj\u0119ciu wida\u0107 r\u0119k\u0119 ma\u0142ego dziecka, kt\u00f3re otwiera szuflad\u0119 szafki\" srcset=\"https:\/\/zrecyklingu.pl\/wp-content\/uploads\/2024\/03\/szafka_z_szufladami-300x300.jpg 300w, https:\/\/zrecyklingu.pl\/wp-content\/uploads\/2024\/03\/szafka_z_szufladami-100x100.jpg 100w, https:\/\/zrecyklingu.pl\/wp-content\/uploads\/2024\/03\/szafka_z_szufladami-150x150.jpg 150w, https:\/\/zrecyklingu.pl\/wp-content\/uploads\/2024\/03\/szafka_z_szufladami.jpg 600w\" sizes=\"(max-width: 300px) 100vw, 300px\" \/>\t\t\t\t\t\t\t\t\t\t\t\t\t\t\t<\/div>\n\t\t\t\t<\/div>\n\t\t\t\t\t<\/div>\n\t\t<\/div>\n\t\t\t\t\t<\/div>\n\t\t<\/section>\n\t\t\t\t<section class=\"elementor-section elementor-top-section elementor-element elementor-element-5eeed6b elementor-section-content-middle elementor-section-boxed elementor-section-height-default elementor-section-height-default\" data-id=\"5eeed6b\" data-element_type=\"section\">\n\t\t\t\t\t\t<div class=\"elementor-container elementor-column-gap-wide\">\n\t\t\t\t\t<div class=\"elementor-column elementor-col-50 elementor-top-column elementor-element elementor-element-7b24668\" data-id=\"7b24668\" data-element_type=\"column\">\n\t\t\t<div class=\"elementor-widget-wrap elementor-element-populated\">\n\t\t\t\t\t\t<div class=\"elementor-element elementor-element-660206d elementor-widget elementor-widget-image\" data-id=\"660206d\" data-element_type=\"widget\" data-widget_type=\"image.default\">\n\t\t\t\t<div class=\"elementor-widget-container\">\n\t\t\t\t\t\t\t\t\t\t\t\t\t\t\t<img loading=\"lazy\" decoding=\"async\" width=\"300\" height=\"300\" src=\"https:\/\/zrecyklingu.pl\/wp-content\/uploads\/2024\/03\/uchwyty_do_szaf-300x300.jpg\" class=\"attachment-medium size-medium wp-image-1258\" alt=\"Na zdj\u0119ciach wida\u0107 r\u00f3\u017cne rodzaje uchwyt\u00f3w do szafek z odzysku\" srcset=\"https:\/\/zrecyklingu.pl\/wp-content\/uploads\/2024\/03\/uchwyty_do_szaf-300x300.jpg 300w, https:\/\/zrecyklingu.pl\/wp-content\/uploads\/2024\/03\/uchwyty_do_szaf-100x100.jpg 100w, https:\/\/zrecyklingu.pl\/wp-content\/uploads\/2024\/03\/uchwyty_do_szaf-150x150.jpg 150w, https:\/\/zrecyklingu.pl\/wp-content\/uploads\/2024\/03\/uchwyty_do_szaf.jpg 600w\" sizes=\"(max-width: 300px) 100vw, 300px\" \/>\t\t\t\t\t\t\t\t\t\t\t\t\t\t\t<\/div>\n\t\t\t\t<\/div>\n\t\t\t\t\t<\/div>\n\t\t<\/div>\n\t\t\t\t<div class=\"elementor-column elementor-col-50 elementor-top-column elementor-element elementor-element-d214193\" data-id=\"d214193\" data-element_type=\"column\">\n\t\t\t<div class=\"elementor-widget-wrap elementor-element-populated\">\n\t\t\t\t\t\t<div class=\"elementor-element elementor-element-95628af elementor-widget elementor-widget-heading\" data-id=\"95628af\" data-element_type=\"widget\" data-widget_type=\"heading.default\">\n\t\t\t\t<div class=\"elementor-widget-container\">\n\t\t\t\t\t<h6 class=\"elementor-heading-title elementor-size-small\">Jak powstaj\u0105 nasze rzeczy: \n<\/h6>\t\t\t\t<\/div>\n\t\t\t\t<\/div>\n\t\t\t\t<div class=\"elementor-element elementor-element-ce2e275 elementor-widget elementor-widget-heading\" data-id=\"ce2e275\" data-element_type=\"widget\" data-widget_type=\"heading.default\">\n\t\t\t\t<div class=\"elementor-widget-container\">\n\t\t\t\t\t<h6 class=\"elementor-heading-title elementor-size-small\">\n- poprzez renowacj\u0119 starych przedmiot\u00f3w\n<\/h6>\t\t\t\t<\/div>\n\t\t\t\t<\/div>\n\t\t\t\t<div class=\"elementor-element elementor-element-4dc7a18 elementor-widget elementor-widget-heading\" data-id=\"4dc7a18\" data-element_type=\"widget\" data-widget_type=\"heading.default\">\n\t\t\t\t<div class=\"elementor-widget-container\">\n\t\t\t\t\t<h6 class=\"elementor-heading-title elementor-size-small\">- poprzez wytwarzanie przedmiot\u00f3w z materia\u0142\u00f3w z odzysku<\/h6>\t\t\t\t<\/div>\n\t\t\t\t<\/div>\n\t\t\t\t<div class=\"elementor-element elementor-element-1be41e5 elementor-widget elementor-widget-heading\" data-id=\"1be41e5\" data-element_type=\"widget\" data-widget_type=\"heading.default\">\n\t\t\t\t<div class=\"elementor-widget-container\">\n\t\t\t\t\t<h6 class=\"elementor-heading-title elementor-size-small\">Sk\u0105d bierzemy materia\u0142y:\n<\/h6>\t\t\t\t<\/div>\n\t\t\t\t<\/div>\n\t\t\t\t<div class=\"elementor-element elementor-element-8f09122 elementor-widget elementor-widget-heading\" data-id=\"8f09122\" data-element_type=\"widget\" data-widget_type=\"heading.default\">\n\t\t\t\t<div class=\"elementor-widget-container\">\n\t\t\t\t\t<h6 class=\"elementor-heading-title elementor-size-small\">- od rodziny i znajomych kt\u00f3rzy chc\u0105 si\u0119 pozby\u0107 przedmiot\u00f3w, kt\u00f3rych ju\u017c nie potrzebuj\u0105\n<\/h6>\t\t\t\t<\/div>\n\t\t\t\t<\/div>\n\t\t\t\t<div class=\"elementor-element elementor-element-f7c1fa2 elementor-widget elementor-widget-heading\" data-id=\"f7c1fa2\" data-element_type=\"widget\" data-widget_type=\"heading.default\">\n\t\t\t\t<div class=\"elementor-widget-container\">\n\t\t\t\t\t<h6 class=\"elementor-heading-title elementor-size-small\">- znajdujemy w\u015br\u00f3d \u015bmieci w PSZOKU, wyrzucanych bezmy\u015blnie do lasy, na pola czy przy \u015bmieciowej altance<\/h6>\t\t\t\t<\/div>\n\t\t\t\t<\/div>\n\t\t\t\t\t<\/div>\n\t\t<\/div>\n\t\t\t\t\t<\/div>\n\t\t<\/section>\n\t\t\t\t<section class=\"elementor-section elementor-top-section elementor-element elementor-element-01ec4ef elementor-section-content-middle elementor-reverse-mobile elementor-section-boxed elementor-section-height-default elementor-section-height-default\" data-id=\"01ec4ef\" data-element_type=\"section\">\n\t\t\t\t\t\t<div class=\"elementor-container elementor-column-gap-wide\">\n\t\t\t\t\t<div class=\"elementor-column elementor-col-50 elementor-top-column elementor-element elementor-element-54cd718\" data-id=\"54cd718\" data-element_type=\"column\">\n\t\t\t<div class=\"elementor-widget-wrap elementor-element-populated\">\n\t\t\t\t\t\t<div class=\"elementor-element elementor-element-bdac9ed elementor-widget elementor-widget-heading\" data-id=\"bdac9ed\" data-element_type=\"widget\" data-widget_type=\"heading.default\">\n\t\t\t\t<div class=\"elementor-widget-container\">\n\t\t\t\t\t<h6 class=\"elementor-heading-title elementor-size-small\">Jakie mamy zasady podczas naszej pracy:\n<\/h6>\t\t\t\t<\/div>\n\t\t\t\t<\/div>\n\t\t\t\t<div class=\"elementor-element elementor-element-392d990 elementor-widget elementor-widget-heading\" data-id=\"392d990\" data-element_type=\"widget\" data-widget_type=\"heading.default\">\n\t\t\t\t<div class=\"elementor-widget-container\">\n\t\t\t\t\t<h6 class=\"elementor-heading-title elementor-size-small\">- staramy si\u0119 zu\u017cywa\u0107 jak najmniej pr\u0105du i surowc\u00f3w\n<\/h6>\t\t\t\t<\/div>\n\t\t\t\t<\/div>\n\t\t\t\t<div class=\"elementor-element elementor-element-5264863 elementor-widget elementor-widget-heading\" data-id=\"5264863\" data-element_type=\"widget\" data-widget_type=\"heading.default\">\n\t\t\t\t<div class=\"elementor-widget-container\">\n\t\t\t\t\t<h6 class=\"elementor-heading-title elementor-size-small\">- staramy si\u0119 u\u017cywa\u0107 jak najmniej nowych element\u00f3w (tak, tak... odzyskujemy nawet gwo\u017adzie)\n<\/h6>\t\t\t\t<\/div>\n\t\t\t\t<\/div>\n\t\t\t\t<div class=\"elementor-element elementor-element-4980bf0 elementor-widget elementor-widget-heading\" data-id=\"4980bf0\" data-element_type=\"widget\" data-widget_type=\"heading.default\">\n\t\t\t\t<div class=\"elementor-widget-container\">\n\t\t\t\t\t<h6 class=\"elementor-heading-title elementor-size-small\">- pozyskujemy materia\u0142y jak najbardziej lokalnie \n<\/h6>\t\t\t\t<\/div>\n\t\t\t\t<\/div>\n\t\t\t\t<div class=\"elementor-element elementor-element-cd72518 elementor-widget elementor-widget-heading\" data-id=\"cd72518\" data-element_type=\"widget\" data-widget_type=\"heading.default\">\n\t\t\t\t<div class=\"elementor-widget-container\">\n\t\t\t\t\t<h6 class=\"elementor-heading-title elementor-size-small\">- staramy si\u0119 stosowa\u0107 jak najbardziej naturalne materia\u0142y\n<\/h6>\t\t\t\t<\/div>\n\t\t\t\t<\/div>\n\t\t\t\t\t<\/div>\n\t\t<\/div>\n\t\t\t\t<div class=\"elementor-column elementor-col-50 elementor-top-column elementor-element elementor-element-f615a82\" data-id=\"f615a82\" data-element_type=\"column\">\n\t\t\t<div class=\"elementor-widget-wrap elementor-element-populated\">\n\t\t\t\t\t\t<div class=\"elementor-element elementor-element-78bd7cc elementor-widget elementor-widget-image\" data-id=\"78bd7cc\" data-element_type=\"widget\" data-widget_type=\"image.default\">\n\t\t\t\t<div class=\"elementor-widget-container\">\n\t\t\t\t\t\t\t\t\t\t\t\t\t\t\t<img loading=\"lazy\" decoding=\"async\" width=\"300\" height=\"300\" src=\"https:\/\/zrecyklingu.pl\/wp-content\/uploads\/2024\/02\/Untitled-1-300x300.jpg\" class=\"attachment-medium size-medium wp-image-1131\" alt=\"Na zdj\u0119ciu wida\u0107 doniczk\u0119 zrobion\u0105 z w\u0142\u00f3czki z tshirt\u00f3w.\" srcset=\"https:\/\/zrecyklingu.pl\/wp-content\/uploads\/2024\/02\/Untitled-1-300x300.jpg 300w, https:\/\/zrecyklingu.pl\/wp-content\/uploads\/2024\/02\/Untitled-1-100x100.jpg 100w, https:\/\/zrecyklingu.pl\/wp-content\/uploads\/2024\/02\/Untitled-1-150x150.jpg 150w, https:\/\/zrecyklingu.pl\/wp-content\/uploads\/2024\/02\/Untitled-1.jpg 400w\" sizes=\"(max-width: 300px) 100vw, 300px\" \/>\t\t\t\t\t\t\t\t\t\t\t\t\t\t\t<\/div>\n\t\t\t\t<\/div>\n\t\t\t\t\t<\/div>\n\t\t<\/div>\n\t\t\t\t\t<\/div>\n\t\t<\/section>\n\t\t\t\t<section class=\"elementor-section elementor-top-section elementor-element elementor-element-77edb4b elementor-section-content-middle elementor-section-boxed elementor-section-height-default elementor-section-height-default\" data-id=\"77edb4b\" data-element_type=\"section\">\n\t\t\t\t\t\t<div class=\"elementor-container elementor-column-gap-wide\">\n\t\t\t\t\t<div class=\"elementor-column elementor-col-50 elementor-top-column elementor-element elementor-element-26819b9\" data-id=\"26819b9\" data-element_type=\"column\">\n\t\t\t<div class=\"elementor-widget-wrap elementor-element-populated\">\n\t\t\t\t\t\t<div class=\"elementor-element elementor-element-e902cd0 elementor-widget elementor-widget-image\" data-id=\"e902cd0\" data-element_type=\"widget\" data-widget_type=\"image.default\">\n\t\t\t\t<div class=\"elementor-widget-container\">\n\t\t\t\t\t\t\t\t\t\t\t\t\t\t\t<img loading=\"lazy\" decoding=\"async\" width=\"300\" height=\"300\" src=\"https:\/\/zrecyklingu.pl\/wp-content\/uploads\/2024\/03\/szafka-300x300.jpg\" class=\"attachment-medium size-medium wp-image-1261\" alt=\"Na zdj\u0119ciu wida\u0107 g\u0142ow\u0119 m\u0119\u017cczyzny zagl\u0105daj\u0105cego do szafki\" srcset=\"https:\/\/zrecyklingu.pl\/wp-content\/uploads\/2024\/03\/szafka-300x300.jpg 300w, https:\/\/zrecyklingu.pl\/wp-content\/uploads\/2024\/03\/szafka-100x100.jpg 100w, https:\/\/zrecyklingu.pl\/wp-content\/uploads\/2024\/03\/szafka-150x150.jpg 150w, https:\/\/zrecyklingu.pl\/wp-content\/uploads\/2024\/03\/szafka.jpg 600w\" sizes=\"(max-width: 300px) 100vw, 300px\" \/>\t\t\t\t\t\t\t\t\t\t\t\t\t\t\t<\/div>\n\t\t\t\t<\/div>\n\t\t\t\t\t<\/div>\n\t\t<\/div>\n\t\t\t\t<div class=\"elementor-column elementor-col-50 elementor-top-column elementor-element elementor-element-a84ab7f\" data-id=\"a84ab7f\" data-element_type=\"column\">\n\t\t\t<div class=\"elementor-widget-wrap elementor-element-populated\">\n\t\t\t\t\t\t<div class=\"elementor-element elementor-element-42806fe elementor-widget elementor-widget-heading\" data-id=\"42806fe\" data-element_type=\"widget\" data-widget_type=\"heading.default\">\n\t\t\t\t<div class=\"elementor-widget-container\">\n\t\t\t\t\t<h6 class=\"elementor-heading-title elementor-size-small\">Tworzymy z pe\u0142n\u0105 \u015bwiadomo\u015bci\u0105, \u017ce potrzeba zar\u00f3wno zmian nawyk\u00f3w pojedynczych jednostek jak i zmian systemowych. Staramy si\u0119 wspiera\u0107 dzia\u0142ania organizacji rozpowszechniaj\u0105cych wiedz\u0119 na ten temat w\u015br\u00f3d spo\u0142ecze\u0144stwa, oraz organizacje wywieraj\u0105ce r\u00f3\u017cne formy nacisku na polityk\u00f3w. Dlatego 5 % warto\u015bci przedmiot\u00f3w przez nas sprzedanych b\u0119dziemy przekazywa\u0107 tym organizacjom.\n<\/h6>\t\t\t\t<\/div>\n\t\t\t\t<\/div>\n\t\t\t\t\t<\/div>\n\t\t<\/div>\n\t\t\t\t\t<\/div>\n\t\t<\/section>\n\t\t\t\t<section class=\"elementor-section elementor-top-section elementor-element elementor-element-93b960e elementor-section-content-middle elementor-reverse-mobile elementor-section-boxed elementor-section-height-default elementor-section-height-default\" data-id=\"93b960e\" data-element_type=\"section\">\n\t\t\t\t\t\t<div class=\"elementor-container elementor-column-gap-wide\">\n\t\t\t\t\t<div class=\"elementor-column elementor-col-50 elementor-top-column elementor-element elementor-element-566c86e\" data-id=\"566c86e\" data-element_type=\"column\">\n\t\t\t<div class=\"elementor-widget-wrap elementor-element-populated\">\n\t\t\t\t\t\t<div class=\"elementor-element elementor-element-c7dbca8 elementor-widget elementor-widget-heading\" data-id=\"c7dbca8\" data-element_type=\"widget\" data-widget_type=\"heading.default\">\n\t\t\t\t<div class=\"elementor-widget-container\">\n\t\t\t\t\t<h6 class=\"elementor-heading-title elementor-size-small\">Je\u015bli chcecie si\u0119 z nami podzieli\u0107 swoim do\u015bwiadczeniem lub uwagami, piszcie na: hello@zrecyklingu.pl. Znajdziecie nas r\u00f3wnie\u017c na FB oraz Ig jako zrecyklingu.pl.<\/h6>\t\t\t\t<\/div>\n\t\t\t\t<\/div>\n\t\t\t\t\t<\/div>\n\t\t<\/div>\n\t\t\t\t<div class=\"elementor-column elementor-col-50 elementor-top-column elementor-element elementor-element-8130b54\" data-id=\"8130b54\" data-element_type=\"column\">\n\t\t\t<div class=\"elementor-widget-wrap elementor-element-populated\">\n\t\t\t\t\t\t<div class=\"elementor-element elementor-element-818404d elementor-widget elementor-widget-image\" data-id=\"818404d\" data-element_type=\"widget\" data-widget_type=\"image.default\">\n\t\t\t\t<div class=\"elementor-widget-container\">\n\t\t\t\t\t\t\t\t\t\t\t\t\t\t\t<img loading=\"lazy\" decoding=\"async\" width=\"300\" height=\"300\" src=\"https:\/\/zrecyklingu.pl\/wp-content\/uploads\/2024\/03\/para-300x300.jpg\" class=\"attachment-medium size-medium wp-image-1260\" alt=\"Na zdj\u0119ciu wida\u0107 m\u0119\u017cczyzn\u0119 i kobiet\u0119.\" srcset=\"https:\/\/zrecyklingu.pl\/wp-content\/uploads\/2024\/03\/para-300x300.jpg 300w, https:\/\/zrecyklingu.pl\/wp-content\/uploads\/2024\/03\/para-100x100.jpg 100w, https:\/\/zrecyklingu.pl\/wp-content\/uploads\/2024\/03\/para-150x150.jpg 150w, https:\/\/zrecyklingu.pl\/wp-content\/uploads\/2024\/03\/para.jpg 600w\" sizes=\"(max-width: 300px) 100vw, 300px\" \/>\t\t\t\t\t\t\t\t\t\t\t\t\t\t\t<\/div>\n\t\t\t\t<\/div>\n\t\t\t\t\t<\/div>\n\t\t<\/div>\n\t\t\t\t\t<\/div>\n\t\t<\/section>\n\t\t\t\t<\/div>\n\t\t","protected":false},"excerpt":{"rendered":"<p>Cze\u015b\u0107, tutaj Doli i Filip \u2013 ma\u0142\u017ce\u0144stwo kt\u00f3rego wsp\u00f3ln\u0105 pasj\u0105 sta\u0142o si\u0119 tworzenie przedmiot\u00f3w z rzeczy, kt\u00f3re ludzie zdecydowali si\u0119 wyrzuci\u0107. Naszym celem sta\u0142o si\u0119 minimalizowanie konsumpcji i kupowanie nowych rzeczy jedynie wtedy, gdy nie uda nam si\u0119 niczym innym ich zast\u0105pi\u0107. Jeste\u015bmy zwolennikami zasady 5R (refuse, reduce, reuse, recycle, rot), o kt\u00f3rej na pewno [&hellip;]<\/p>\n","protected":false},"author":1,"featured_media":0,"parent":0,"menu_order":0,"comment_status":"closed","ping_status":"closed","template":"","meta":{"site-sidebar-layout":"no-sidebar","site-content-layout":"","ast-site-content-layout":"full-width-container","site-content-style":"default","site-sidebar-style":"default","ast-global-header-display":"","ast-banner-title-visibility":"","ast-main-header-display":"","ast-hfb-above-header-display":"","ast-hfb-below-header-display":"","ast-hfb-mobile-header-display":"","site-post-title":"disabled","ast-breadcrumbs-content":"","ast-featured-img":"disabled","footer-sml-layout":"","theme-transparent-header-meta":"","adv-header-id-meta":"","stick-header-meta":"","header-above-stick-meta":"","header-main-stick-meta":"","header-below-stick-meta":"","astra-migrate-meta-layouts":"default","ast-page-background-enabled":"default","ast-page-background-meta":{"desktop":{"background-color":"var(--ast-global-color-4)","background-image":"","background-repeat":"repeat","background-position":"center center","background-size":"auto","background-attachment":"scroll","background-type":"","background-media":"","overlay-type":"","overlay-color":"","overlay-gradient":""},"tablet":{"background-color":"","background-image":"","background-repeat":"repeat","background-position":"center center","background-size":"auto","background-attachment":"scroll","background-type":"","background-media":"","overlay-type":"","overlay-color":"","overlay-gradient":""},"mobile":{"background-color":"","background-image":"","background-repeat":"repeat","background-position":"center center","background-size":"auto","background-attachment":"scroll","background-type":"","background-media":"","overlay-type":"","overlay-color":"","overlay-gradient":""}},"ast-content-background-meta":{"desktop":{"background-color":"var(--ast-global-color-5)","background-image":"","background-repeat":"repeat","background-position":"center center","background-size":"auto","background-attachment":"scroll","background-type":"","background-media":"","overlay-type":"","overlay-color":"","overlay-gradient":""},"tablet":{"background-color":"var(--ast-global-color-5)","background-image":"","background-repeat":"repeat","background-position":"center center","background-size":"auto","background-attachment":"scroll","background-type":"","background-media":"","overlay-type":"","overlay-color":"","overlay-gradient":""},"mobile":{"background-color":"var(--ast-global-color-5)","background-image":"","background-repeat":"repeat","background-position":"center center","background-size":"auto","background-attachment":"scroll","background-type":"","background-media":"","overlay-type":"","overlay-color":"","overlay-gradient":""}},"footnotes":""},"class_list":["post-1037","page","type-page","status-publish","hentry"],"_links":{"self":[{"href":"https:\/\/zrecyklingu.pl\/index.php\/wp-json\/wp\/v2\/pages\/1037"}],"collection":[{"href":"https:\/\/zrecyklingu.pl\/index.php\/wp-json\/wp\/v2\/pages"}],"about":[{"href":"https:\/\/zrecyklingu.pl\/index.php\/wp-json\/wp\/v2\/types\/page"}],"author":[{"embeddable":true,"href":"https:\/\/zrecyklingu.pl\/index.php\/wp-json\/wp\/v2\/users\/1"}],"replies":[{"embeddable":true,"href":"https:\/\/zrecyklingu.pl\/index.php\/wp-json\/wp\/v2\/comments?post=1037"}],"version-history":[{"count":7,"href":"https:\/\/zrecyklingu.pl\/index.php\/wp-json\/wp\/v2\/pages\/1037\/revisions"}],"predecessor-version":[{"id":1277,"href":"https:\/\/zrecyklingu.pl\/index.php\/wp-json\/wp\/v2\/pages\/1037\/revisions\/1277"}],"wp:attachment":[{"href":"https:\/\/zrecyklingu.pl\/index.php\/wp-json\/wp\/v2\/media?parent=1037"}],"curies":[{"name":"wp","href":"https:\/\/api.w.org\/{rel}","templated":true}]}}