{"id":778,"date":"2023-09-07T14:03:33","date_gmt":"2023-09-07T14:03:33","guid":{"rendered":"https:\/\/zrecyklingu.pl\/?page_id=778"},"modified":"2024-03-21T11:45:52","modified_gmt":"2024-03-21T11:45:52","slug":"stronaglowna","status":"publish","type":"page","link":"https:\/\/zrecyklingu.pl\/","title":{"rendered":"Strona g\u0142\u00f3wna"},"content":{"rendered":"\t\t<div data-elementor-type=\"wp-page\" data-elementor-id=\"778\" class=\"elementor elementor-778\">\n\t\t\t\t\t\t<section class=\"elementor-section elementor-top-section elementor-element elementor-element-df63f62 elementor-section-content-middle elementor-section-boxed elementor-section-height-default elementor-section-height-default\" data-id=\"df63f62\" data-element_type=\"section\">\n\t\t\t\t\t\t<div class=\"elementor-container elementor-column-gap-wide\">\n\t\t\t\t\t<div class=\"elementor-column elementor-col-50 elementor-top-column elementor-element elementor-element-0034552\" data-id=\"0034552\" data-element_type=\"column\">\n\t\t\t<div class=\"elementor-widget-wrap elementor-element-populated\">\n\t\t\t\t\t\t<div class=\"elementor-element elementor-element-3a84208 elementor-widget__width-initial elementor-widget elementor-widget-heading\" data-id=\"3a84208\" data-element_type=\"widget\" data-widget_type=\"heading.default\">\n\t\t\t\t<div class=\"elementor-widget-container\">\n\t\t\t\t\t<h1 class=\"elementor-heading-title elementor-size-default\">Dajemy drugie \u017cycie rzeczom.<\/h1>\t\t\t\t<\/div>\n\t\t\t\t<\/div>\n\t\t\t\t<div class=\"elementor-element elementor-element-34cedc5 elementor-widget elementor-widget-spacer\" data-id=\"34cedc5\" data-element_type=\"widget\" data-widget_type=\"spacer.default\">\n\t\t\t\t<div class=\"elementor-widget-container\">\n\t\t\t\t\t\t\t<div class=\"elementor-spacer\">\n\t\t\t<div class=\"elementor-spacer-inner\"><\/div>\n\t\t<\/div>\n\t\t\t\t\t\t<\/div>\n\t\t\t\t<\/div>\n\t\t\t\t<div class=\"elementor-element elementor-element-777b345 elementor-widget elementor-widget-heading\" data-id=\"777b345\" data-element_type=\"widget\" data-widget_type=\"heading.default\">\n\t\t\t\t<div class=\"elementor-widget-container\">\n\t\t\t\t\t<h3 class=\"elementor-heading-title elementor-size-large\">Cze\u015b\u0107!<\/h3>\t\t\t\t<\/div>\n\t\t\t\t<\/div>\n\t\t\t\t<div class=\"elementor-element elementor-element-7e8dbb9 elementor-widget elementor-widget-heading\" data-id=\"7e8dbb9\" data-element_type=\"widget\" data-widget_type=\"heading.default\">\n\t\t\t\t<div class=\"elementor-widget-container\">\n\t\t\t\t\t<h3 class=\"elementor-heading-title elementor-size-large\">Tutaj Doli i Filip - tw\u00f3rcy zrecyklingu.pl. <\/h3>\t\t\t\t<\/div>\n\t\t\t\t<\/div>\n\t\t\t\t<div class=\"elementor-element elementor-element-eff5065 elementor-widget elementor-widget-heading\" data-id=\"eff5065\" data-element_type=\"widget\" data-widget_type=\"heading.default\">\n\t\t\t\t<div class=\"elementor-widget-container\">\n\t\t\t\t\t<h3 class=\"elementor-heading-title elementor-size-large\">Sprawd\u017a poni\u017cej co dla Ciebie uszykowali\u015bmy.<\/h3>\t\t\t\t<\/div>\n\t\t\t\t<\/div>\n\t\t\t\t\t<\/div>\n\t\t<\/div>\n\t\t\t\t<div class=\"elementor-column elementor-col-50 elementor-top-column elementor-element elementor-element-b410d09\" data-id=\"b410d09\" data-element_type=\"column\">\n\t\t\t<div class=\"elementor-widget-wrap elementor-element-populated\">\n\t\t\t\t\t\t<div class=\"elementor-element elementor-element-b7e1028 elementor-arrows-position-inside elementor-pagination-position-outside elementor-widget elementor-widget-image-carousel\" data-id=\"b7e1028\" data-element_type=\"widget\" data-settings=\"{&quot;slides_to_show&quot;:&quot;1&quot;,&quot;navigation&quot;:&quot;both&quot;,&quot;autoplay&quot;:&quot;yes&quot;,&quot;pause_on_hover&quot;:&quot;yes&quot;,&quot;pause_on_interaction&quot;:&quot;yes&quot;,&quot;autoplay_speed&quot;:5000,&quot;infinite&quot;:&quot;yes&quot;,&quot;effect&quot;:&quot;slide&quot;,&quot;speed&quot;:500}\" data-widget_type=\"image-carousel.default\">\n\t\t\t\t<div class=\"elementor-widget-container\">\n\t\t\t\t\t\t\t<div class=\"elementor-image-carousel-wrapper swiper\" role=\"region\" aria-roledescription=\"carousel\" aria-label=\"Karuzela obrazk\u00f3w\" dir=\"ltr\">\n\t\t\t<div class=\"elementor-image-carousel swiper-wrapper\" aria-live=\"off\">\n\t\t\t\t\t\t\t\t<div class=\"swiper-slide\" role=\"group\" aria-roledescription=\"slide\" aria-label=\"1 z 3\"><figure class=\"swiper-slide-inner\"><img decoding=\"async\" class=\"swiper-slide-image\" src=\"https:\/\/zrecyklingu.pl\/wp-content\/uploads\/2024\/02\/tworcy_z_recyklingu-300x300.jpg\" alt=\"tworcy_z_recyklingu\" \/><\/figure><\/div><div class=\"swiper-slide\" role=\"group\" aria-roledescription=\"slide\" aria-label=\"2 z 3\"><figure class=\"swiper-slide-inner\"><img decoding=\"async\" class=\"swiper-slide-image\" src=\"https:\/\/zrecyklingu.pl\/wp-content\/uploads\/2024\/02\/tworcy_z_recyklingu_3-300x300.jpg\" alt=\"tworcy_z_recyklingu_2\" \/><\/figure><\/div><div class=\"swiper-slide\" role=\"group\" aria-roledescription=\"slide\" aria-label=\"3 z 3\"><figure class=\"swiper-slide-inner\"><img decoding=\"async\" class=\"swiper-slide-image\" src=\"https:\/\/zrecyklingu.pl\/wp-content\/uploads\/2024\/02\/tworcy_z_recyklingu_2-300x300.jpg\" alt=\"tworcy_z_recyklingu_1\" \/><\/figure><\/div>\t\t\t<\/div>\n\t\t\t\t\t\t\t\t\t\t\t\t<div class=\"elementor-swiper-button elementor-swiper-button-prev\" role=\"button\" tabindex=\"0\">\n\t\t\t\t\t\t<i aria-hidden=\"true\" class=\"eicon-chevron-left\"><\/i>\t\t\t\t\t<\/div>\n\t\t\t\t\t<div class=\"elementor-swiper-button elementor-swiper-button-next\" role=\"button\" tabindex=\"0\">\n\t\t\t\t\t\t<i aria-hidden=\"true\" class=\"eicon-chevron-right\"><\/i>\t\t\t\t\t<\/div>\n\t\t\t\t\n\t\t\t\t\t\t\t\t\t<div class=\"swiper-pagination\"><\/div>\n\t\t\t\t\t\t\t\t\t<\/div>\n\t\t\t\t\t\t<\/div>\n\t\t\t\t<\/div>\n\t\t\t\t\t<\/div>\n\t\t<\/div>\n\t\t\t\t\t<\/div>\n\t\t<\/section>\n\t\t\t\t<section class=\"elementor-section elementor-top-section elementor-element elementor-element-6578ff3 elementor-section-boxed elementor-section-height-default elementor-section-height-default\" data-id=\"6578ff3\" data-element_type=\"section\" data-settings=\"{&quot;background_background&quot;:&quot;classic&quot;}\">\n\t\t\t\t\t\t\t<div class=\"elementor-background-overlay\"><\/div>\n\t\t\t\t\t\t\t<div class=\"elementor-container elementor-column-gap-default\">\n\t\t\t\t\t<div class=\"elementor-column elementor-col-50 elementor-top-column elementor-element elementor-element-9d819f3\" data-id=\"9d819f3\" data-element_type=\"column\">\n\t\t\t<div class=\"elementor-widget-wrap elementor-element-populated\">\n\t\t\t\t\t\t<div class=\"elementor-element elementor-element-bfbc5fd elementor-widget-tablet__width-initial elementor-widget elementor-widget-image\" data-id=\"bfbc5fd\" data-element_type=\"widget\" data-widget_type=\"image.default\">\n\t\t\t\t<div class=\"elementor-widget-container\">\n\t\t\t\t\t\t\t\t\t\t\t\t\t\t\t<img fetchpriority=\"high\" decoding=\"async\" width=\"300\" height=\"300\" src=\"https:\/\/zrecyklingu.pl\/wp-content\/uploads\/2024\/02\/PSZOK-300x300.jpg\" class=\"attachment-medium size-medium wp-image-1124\" alt=\"Kobieta siedzi i u\u015bmiecha si\u0119 do obiektywu. Za ni\u0105 wida\u0107 g\u00f3r\u0119 \u015bmieci.\" srcset=\"https:\/\/zrecyklingu.pl\/wp-content\/uploads\/2024\/02\/PSZOK-300x300.jpg 300w, https:\/\/zrecyklingu.pl\/wp-content\/uploads\/2024\/02\/PSZOK-100x100.jpg 100w, https:\/\/zrecyklingu.pl\/wp-content\/uploads\/2024\/02\/PSZOK-150x150.jpg 150w, https:\/\/zrecyklingu.pl\/wp-content\/uploads\/2024\/02\/PSZOK.jpg 400w\" sizes=\"(max-width: 300px) 100vw, 300px\" \/>\t\t\t\t\t\t\t\t\t\t\t\t\t\t\t<\/div>\n\t\t\t\t<\/div>\n\t\t\t\t\t<\/div>\n\t\t<\/div>\n\t\t\t\t<div class=\"elementor-column elementor-col-50 elementor-top-column elementor-element elementor-element-6760395\" data-id=\"6760395\" data-element_type=\"column\">\n\t\t\t<div class=\"elementor-widget-wrap elementor-element-populated\">\n\t\t\t\t\t\t<div class=\"elementor-element elementor-element-3793c9c elementor-widget elementor-widget-spacer\" data-id=\"3793c9c\" data-element_type=\"widget\" data-widget_type=\"spacer.default\">\n\t\t\t\t<div class=\"elementor-widget-container\">\n\t\t\t\t\t\t\t<div class=\"elementor-spacer\">\n\t\t\t<div class=\"elementor-spacer-inner\"><\/div>\n\t\t<\/div>\n\t\t\t\t\t\t<\/div>\n\t\t\t\t<\/div>\n\t\t\t\t<div class=\"elementor-element elementor-element-49ca9bb elementor-widget elementor-widget-heading\" data-id=\"49ca9bb\" data-element_type=\"widget\" data-widget_type=\"heading.default\">\n\t\t\t\t<div class=\"elementor-widget-container\">\n\t\t\t\t\t<h3 class=\"elementor-heading-title elementor-size-large\">Na BLOGU znajdziesz moc inspiracji i pomys\u0142\u00f3w na to jak ograniczy\u0107 konsumpcj\u0119. Podpowiadamy jak kupowa\u0107 z drugiej r\u0119ki i co robi\u0107 z rzeczami, kt\u00f3rych ju\u017c nie potrzebujecie.<\/h3>\t\t\t\t<\/div>\n\t\t\t\t<\/div>\n\t\t\t\t<div class=\"elementor-element elementor-element-652e233 elementor-align-left elementor-widget elementor-widget-button\" data-id=\"652e233\" data-element_type=\"widget\" data-widget_type=\"button.default\">\n\t\t\t\t<div class=\"elementor-widget-container\">\n\t\t\t\t\t\t\t\t\t<div class=\"elementor-button-wrapper\">\n\t\t\t\t\t<a class=\"elementor-button elementor-button-link elementor-size-sm\" href=\"https:\/\/zrecyklingu.pl\/index.php\/blog\/\">\n\t\t\t\t\t\t<span class=\"elementor-button-content-wrapper\">\n\t\t\t\t\t\t\t\t\t<span class=\"elementor-button-text\">BLOG<\/span>\n\t\t\t\t\t<\/span>\n\t\t\t\t\t<\/a>\n\t\t\t\t<\/div>\n\t\t\t\t\t\t\t\t<\/div>\n\t\t\t\t<\/div>\n\t\t\t\t\t<\/div>\n\t\t<\/div>\n\t\t\t\t\t<\/div>\n\t\t<\/section>\n\t\t\t\t<section class=\"elementor-section elementor-top-section elementor-element elementor-element-df2cce8 elementor-section-content-middle elementor-reverse-mobile elementor-section-boxed elementor-section-height-default elementor-section-height-default\" data-id=\"df2cce8\" data-element_type=\"section\">\n\t\t\t\t\t\t<div class=\"elementor-container elementor-column-gap-wide\">\n\t\t\t\t\t<div class=\"elementor-column elementor-col-50 elementor-top-column elementor-element elementor-element-598d962\" data-id=\"598d962\" data-element_type=\"column\">\n\t\t\t<div class=\"elementor-widget-wrap elementor-element-populated\">\n\t\t\t\t\t\t<div class=\"elementor-element elementor-element-b68b973 elementor-widget elementor-widget-heading\" data-id=\"b68b973\" data-element_type=\"widget\" data-widget_type=\"heading.default\">\n\t\t\t\t<div class=\"elementor-widget-container\">\n\t\t\t\t\t<h3 class=\"elementor-heading-title elementor-size-large\">W SKLEPIE znajdziesz przedmioty wykonane r\u0119cznie zgodnie z ide\u0105 upcyklingu, odnowione lub przerobione na co\u015b nowego.<\/h3>\t\t\t\t<\/div>\n\t\t\t\t<\/div>\n\t\t\t\t<div class=\"elementor-element elementor-element-5357d21 elementor-align-left elementor-widget elementor-widget-button\" data-id=\"5357d21\" data-element_type=\"widget\" data-widget_type=\"button.default\">\n\t\t\t\t<div class=\"elementor-widget-container\">\n\t\t\t\t\t\t\t\t\t<div class=\"elementor-button-wrapper\">\n\t\t\t\t\t<a class=\"elementor-button elementor-button-link elementor-size-sm\" href=\"https:\/\/zrecyklingu.pl\/index.php\/sklep\/\">\n\t\t\t\t\t\t<span class=\"elementor-button-content-wrapper\">\n\t\t\t\t\t\t\t\t\t<span class=\"elementor-button-text\">SKLEP<\/span>\n\t\t\t\t\t<\/span>\n\t\t\t\t\t<\/a>\n\t\t\t\t<\/div>\n\t\t\t\t\t\t\t\t<\/div>\n\t\t\t\t<\/div>\n\t\t\t\t\t<\/div>\n\t\t<\/div>\n\t\t\t\t<div class=\"elementor-column elementor-col-50 elementor-top-column elementor-element elementor-element-dbea825\" data-id=\"dbea825\" data-element_type=\"column\">\n\t\t\t<div class=\"elementor-widget-wrap elementor-element-populated\">\n\t\t\t\t\t\t<div class=\"elementor-element elementor-element-5fb301c elementor-widget elementor-widget-image\" data-id=\"5fb301c\" data-element_type=\"widget\" data-widget_type=\"image.default\">\n\t\t\t\t<div class=\"elementor-widget-container\">\n\t\t\t\t\t\t\t\t\t\t\t\t\t\t\t<img decoding=\"async\" width=\"300\" height=\"300\" src=\"https:\/\/zrecyklingu.pl\/wp-content\/uploads\/2024\/02\/Untitled-1-300x300.jpg\" class=\"attachment-medium size-medium wp-image-1131\" alt=\"Na zdj\u0119ciu wida\u0107 doniczk\u0119 zrobion\u0105 z w\u0142\u00f3czki z tshirt\u00f3w.\" srcset=\"https:\/\/zrecyklingu.pl\/wp-content\/uploads\/2024\/02\/Untitled-1-300x300.jpg 300w, https:\/\/zrecyklingu.pl\/wp-content\/uploads\/2024\/02\/Untitled-1-100x100.jpg 100w, https:\/\/zrecyklingu.pl\/wp-content\/uploads\/2024\/02\/Untitled-1-150x150.jpg 150w, https:\/\/zrecyklingu.pl\/wp-content\/uploads\/2024\/02\/Untitled-1.jpg 400w\" sizes=\"(max-width: 300px) 100vw, 300px\" \/>\t\t\t\t\t\t\t\t\t\t\t\t\t\t\t<\/div>\n\t\t\t\t<\/div>\n\t\t\t\t\t<\/div>\n\t\t<\/div>\n\t\t\t\t\t<\/div>\n\t\t<\/section>\n\t\t\t\t<section class=\"elementor-section elementor-top-section elementor-element elementor-element-3b823e5 elementor-section-boxed elementor-section-height-default elementor-section-height-default\" data-id=\"3b823e5\" data-element_type=\"section\" data-settings=\"{&quot;background_background&quot;:&quot;classic&quot;}\">\n\t\t\t\t\t\t\t<div class=\"elementor-background-overlay\"><\/div>\n\t\t\t\t\t\t\t<div class=\"elementor-container elementor-column-gap-default\">\n\t\t\t\t\t<div class=\"elementor-column elementor-col-50 elementor-top-column elementor-element elementor-element-cf349fc\" data-id=\"cf349fc\" data-element_type=\"column\">\n\t\t\t<div class=\"elementor-widget-wrap elementor-element-populated\">\n\t\t\t\t\t\t<div class=\"elementor-element elementor-element-11755b9 elementor-widget-tablet__width-initial elementor-widget elementor-widget-image\" data-id=\"11755b9\" data-element_type=\"widget\" data-widget_type=\"image.default\">\n\t\t\t\t<div class=\"elementor-widget-container\">\n\t\t\t\t\t\t\t\t\t\t\t\t\t\t\t<img decoding=\"async\" width=\"300\" height=\"300\" src=\"https:\/\/zrecyklingu.pl\/wp-content\/uploads\/2024\/02\/Untitled-1-2-300x300.jpg\" class=\"attachment-medium size-medium wp-image-1155\" alt=\"Na zdj\u0119ciu wida\u0107 branzoletki zrobione podczas warsztat\u00f3w upcyklingowych zrecyklingu.pl\" srcset=\"https:\/\/zrecyklingu.pl\/wp-content\/uploads\/2024\/02\/Untitled-1-2-300x300.jpg 300w, https:\/\/zrecyklingu.pl\/wp-content\/uploads\/2024\/02\/Untitled-1-2-100x100.jpg 100w, https:\/\/zrecyklingu.pl\/wp-content\/uploads\/2024\/02\/Untitled-1-2-150x150.jpg 150w, https:\/\/zrecyklingu.pl\/wp-content\/uploads\/2024\/02\/Untitled-1-2.jpg 400w\" sizes=\"(max-width: 300px) 100vw, 300px\" \/>\t\t\t\t\t\t\t\t\t\t\t\t\t\t\t<\/div>\n\t\t\t\t<\/div>\n\t\t\t\t\t<\/div>\n\t\t<\/div>\n\t\t\t\t<div class=\"elementor-column elementor-col-50 elementor-top-column elementor-element elementor-element-0404735\" data-id=\"0404735\" data-element_type=\"column\">\n\t\t\t<div class=\"elementor-widget-wrap elementor-element-populated\">\n\t\t\t\t\t\t<div class=\"elementor-element elementor-element-1e4925c elementor-widget elementor-widget-heading\" data-id=\"1e4925c\" data-element_type=\"widget\" data-widget_type=\"heading.default\">\n\t\t\t\t<div class=\"elementor-widget-container\">\n\t\t\t\t\t<h3 class=\"elementor-heading-title elementor-size-large\">Podczas WARSZTAT\u00d3W stworzymy\nrzeczy, kt\u00f3re mo\u017cna u\u017cywa\u0107\ni dzi\u0119ki kt\u00f3rym nie musimy kupowa\u0107\nczego\u015b nowego. Wykorzystamy do tego surowce, kt\u00f3re straci\u0142y swoj\u0105 pierwotn\u0105 warto\u015b\u0107 i mia\u0142y sta\u0107 si\u0119 \u015bmieciem.<\/h3>\t\t\t\t<\/div>\n\t\t\t\t<\/div>\n\t\t\t\t<div class=\"elementor-element elementor-element-b0228e2 elementor-align-left elementor-widget elementor-widget-button\" data-id=\"b0228e2\" data-element_type=\"widget\" data-widget_type=\"button.default\">\n\t\t\t\t<div class=\"elementor-widget-container\">\n\t\t\t\t\t\t\t\t\t<div class=\"elementor-button-wrapper\">\n\t\t\t\t\t<a class=\"elementor-button elementor-button-link elementor-size-sm\" href=\"https:\/\/zrecyklingu.pl\/index.php\/warsztaty\/\">\n\t\t\t\t\t\t<span class=\"elementor-button-content-wrapper\">\n\t\t\t\t\t\t\t\t\t<span class=\"elementor-button-text\">WARSZTATY<\/span>\n\t\t\t\t\t<\/span>\n\t\t\t\t\t<\/a>\n\t\t\t\t<\/div>\n\t\t\t\t\t\t\t\t<\/div>\n\t\t\t\t<\/div>\n\t\t\t\t\t<\/div>\n\t\t<\/div>\n\t\t\t\t\t<\/div>\n\t\t<\/section>\n\t\t\t\t<section class=\"elementor-section elementor-top-section elementor-element elementor-element-a8e2d82 elementor-section-content-middle elementor-section-boxed elementor-section-height-default elementor-section-height-default\" data-id=\"a8e2d82\" data-element_type=\"section\">\n\t\t\t\t\t\t<div class=\"elementor-container elementor-column-gap-wide\">\n\t\t\t\t\t<div class=\"elementor-column elementor-col-100 elementor-top-column elementor-element elementor-element-2c416e8\" data-id=\"2c416e8\" data-element_type=\"column\">\n\t\t\t<div class=\"elementor-widget-wrap elementor-element-populated\">\n\t\t\t\t\t\t<div class=\"elementor-element elementor-element-cc73251 elementor-widget elementor-widget-image\" data-id=\"cc73251\" data-element_type=\"widget\" data-widget_type=\"image.default\">\n\t\t\t\t<div class=\"elementor-widget-container\">\n\t\t\t\t\t\t\t\t\t\t\t\t\t\t\t<img loading=\"lazy\" decoding=\"async\" width=\"300\" height=\"300\" src=\"https:\/\/zrecyklingu.pl\/wp-content\/uploads\/2024\/02\/Untitled-1-1-300x300.jpg\" class=\"attachment-medium size-medium wp-image-1151\" alt=\"Kobieta i m\u0119\u017cczyzna w\u0142a\u015bciciele zrecyklingu.pl siedz\u0105 i patrz\u0105 na motki w\u0142\u00f3czki z recyklingu.\" srcset=\"https:\/\/zrecyklingu.pl\/wp-content\/uploads\/2024\/02\/Untitled-1-1-300x300.jpg 300w, https:\/\/zrecyklingu.pl\/wp-content\/uploads\/2024\/02\/Untitled-1-1-100x100.jpg 100w, https:\/\/zrecyklingu.pl\/wp-content\/uploads\/2024\/02\/Untitled-1-1-150x150.jpg 150w, https:\/\/zrecyklingu.pl\/wp-content\/uploads\/2024\/02\/Untitled-1-1.jpg 400w\" sizes=\"(max-width: 300px) 100vw, 300px\" \/>\t\t\t\t\t\t\t\t\t\t\t\t\t\t\t<\/div>\n\t\t\t\t<\/div>\n\t\t\t\t<div class=\"elementor-element elementor-element-2394544 elementor-widget elementor-widget-heading\" data-id=\"2394544\" data-element_type=\"widget\" data-widget_type=\"heading.default\">\n\t\t\t\t<div class=\"elementor-widget-container\">\n\t\t\t\t\t<h3 class=\"elementor-heading-title elementor-size-large\">Pozosta\u0144my w kontakcie. \n<\/h3>\t\t\t\t<\/div>\n\t\t\t\t<\/div>\n\t\t\t\t<div class=\"elementor-element elementor-element-680bd1c elementor-widget elementor-widget-heading\" data-id=\"680bd1c\" data-element_type=\"widget\" data-widget_type=\"heading.default\">\n\t\t\t\t<div class=\"elementor-widget-container\">\n\t\t\t\t\t<h3 class=\"elementor-heading-title elementor-size-large\">Napisz do nas lub odezwij si\u0119 poprzez media spo\u0142eczno\u015bciowe.<\/h3>\t\t\t\t<\/div>\n\t\t\t\t<\/div>\n\t\t\t\t<div class=\"elementor-element elementor-element-7349ae8 elementor-align-center elementor-widget elementor-widget-button\" data-id=\"7349ae8\" data-element_type=\"widget\" data-widget_type=\"button.default\">\n\t\t\t\t<div class=\"elementor-widget-container\">\n\t\t\t\t\t\t\t\t\t<div class=\"elementor-button-wrapper\">\n\t\t\t\t\t<a class=\"elementor-button elementor-button-link elementor-size-sm\" href=\"https:\/\/zrecyklingu.pl\/index.php\/kontakt\/\">\n\t\t\t\t\t\t<span class=\"elementor-button-content-wrapper\">\n\t\t\t\t\t\t\t\t\t<span class=\"elementor-button-text\">NAPISZ DO NAS<\/span>\n\t\t\t\t\t<\/span>\n\t\t\t\t\t<\/a>\n\t\t\t\t<\/div>\n\t\t\t\t\t\t\t\t<\/div>\n\t\t\t\t<\/div>\n\t\t\t\t\t<\/div>\n\t\t<\/div>\n\t\t\t\t\t<\/div>\n\t\t<\/section>\n\t\t\t\t<\/div>\n\t\t","protected":false},"excerpt":{"rendered":"<p>Dajemy drugie \u017cycie rzeczom. Cze\u015b\u0107! Tutaj Doli i Filip &#8211; tw\u00f3rcy zrecyklingu.pl. Sprawd\u017a poni\u017cej co dla Ciebie uszykowali\u015bmy. Na BLOGU znajdziesz moc inspiracji i pomys\u0142\u00f3w na to jak ograniczy\u0107 konsumpcj\u0119. Podpowiadamy jak kupowa\u0107 z drugiej r\u0119ki i co robi\u0107 z rzeczami, kt\u00f3rych ju\u017c nie potrzebujecie. BLOG W SKLEPIE znajdziesz przedmioty wykonane r\u0119cznie zgodnie z ide\u0105 [&hellip;]<\/p>\n","protected":false},"author":1,"featured_media":683,"parent":0,"menu_order":0,"comment_status":"closed","ping_status":"closed","template":"","meta":{"site-sidebar-layout":"no-sidebar","site-content-layout":"","ast-site-content-layout":"full-width-container","site-content-style":"default","site-sidebar-style":"default","ast-global-header-display":"","ast-banner-title-visibility":"disabled","ast-main-header-display":"","ast-hfb-above-header-display":"","ast-hfb-below-header-display":"","ast-hfb-mobile-header-display":"","site-post-title":"disabled","ast-breadcrumbs-content":"","ast-featured-img":"disabled","footer-sml-layout":"","theme-transparent-header-meta":"","adv-header-id-meta":"","stick-header-meta":"","header-above-stick-meta":"","header-main-stick-meta":"","header-below-stick-meta":"","astra-migrate-meta-layouts":"","ast-page-background-enabled":"default","ast-page-background-meta":{"desktop":{"background-color":"var(--ast-global-color-4)","background-image":"","background-repeat":"repeat","background-position":"center center","background-size":"auto","background-attachment":"scroll","background-type":"","background-media":"","overlay-type":"","overlay-color":"","overlay-gradient":""},"tablet":{"background-color":"","background-image":"","background-repeat":"repeat","background-position":"center center","background-size":"auto","background-attachment":"scroll","background-type":"","background-media":"","overlay-type":"","overlay-color":"","overlay-gradient":""},"mobile":{"background-color":"","background-image":"","background-repeat":"repeat","background-position":"center center","background-size":"auto","background-attachment":"scroll","background-type":"","background-media":"","overlay-type":"","overlay-color":"","overlay-gradient":""}},"ast-content-background-meta":{"desktop":{"background-color":"var(--ast-global-color-5)","background-image":"","background-repeat":"repeat","background-position":"center center","background-size":"auto","background-attachment":"scroll","background-type":"","background-media":"","overlay-type":"","overlay-color":"","overlay-gradient":""},"tablet":{"background-color":"var(--ast-global-color-5)","background-image":"","background-repeat":"repeat","background-position":"center center","background-size":"auto","background-attachment":"scroll","background-type":"","background-media":"","overlay-type":"","overlay-color":"","overlay-gradient":""},"mobile":{"background-color":"var(--ast-global-color-5)","background-image":"","background-repeat":"repeat","background-position":"center center","background-size":"auto","background-attachment":"scroll","background-type":"","background-media":"","overlay-type":"","overlay-color":"","overlay-gradient":""}},"footnotes":""},"class_list":["post-778","page","type-page","status-publish","has-post-thumbnail","hentry"],"_links":{"self":[{"href":"https:\/\/zrecyklingu.pl\/index.php\/wp-json\/wp\/v2\/pages\/778"}],"collection":[{"href":"https:\/\/zrecyklingu.pl\/index.php\/wp-json\/wp\/v2\/pages"}],"about":[{"href":"https:\/\/zrecyklingu.pl\/index.php\/wp-json\/wp\/v2\/types\/page"}],"author":[{"embeddable":true,"href":"https:\/\/zrecyklingu.pl\/index.php\/wp-json\/wp\/v2\/users\/1"}],"replies":[{"embeddable":true,"href":"https:\/\/zrecyklingu.pl\/index.php\/wp-json\/wp\/v2\/comments?post=778"}],"version-history":[{"count":245,"href":"https:\/\/zrecyklingu.pl\/index.php\/wp-json\/wp\/v2\/pages\/778\/revisions"}],"predecessor-version":[{"id":1286,"href":"https:\/\/zrecyklingu.pl\/index.php\/wp-json\/wp\/v2\/pages\/778\/revisions\/1286"}],"wp:featuredmedia":[{"embeddable":true,"href":"https:\/\/zrecyklingu.pl\/index.php\/wp-json\/wp\/v2\/media\/683"}],"wp:attachment":[{"href":"https:\/\/zrecyklingu.pl\/index.php\/wp-json\/wp\/v2\/media?parent=778"}],"curies":[{"name":"wp","href":"https:\/\/api.w.org\/{rel}","templated":true}]}}