{"id":810,"date":"2023-09-12T12:06:21","date_gmt":"2023-09-12T12:06:21","guid":{"rendered":"https:\/\/zrecyklingu.pl\/?page_id=810"},"modified":"2024-03-21T11:28:20","modified_gmt":"2024-03-21T11:28:20","slug":"polityka-prywatnosci","status":"publish","type":"page","link":"https:\/\/zrecyklingu.pl\/index.php\/polityka-prywatnosci\/","title":{"rendered":"Polityka prywatno\u015b\u0107i"},"content":{"rendered":"\t\t<div data-elementor-type=\"wp-page\" data-elementor-id=\"810\" class=\"elementor elementor-810\">\n\t\t\t\t\t\t<section class=\"elementor-section elementor-top-section elementor-element elementor-element-a49d6da elementor-section-boxed elementor-section-height-default elementor-section-height-default\" data-id=\"a49d6da\" data-element_type=\"section\">\n\t\t\t\t\t\t<div class=\"elementor-container elementor-column-gap-default\">\n\t\t\t\t\t<div class=\"elementor-column elementor-col-100 elementor-top-column elementor-element elementor-element-40d5668\" data-id=\"40d5668\" data-element_type=\"column\">\n\t\t\t<div class=\"elementor-widget-wrap elementor-element-populated\">\n\t\t\t\t\t\t<div class=\"elementor-element elementor-element-4113516 elementor-widget elementor-widget-spacer\" data-id=\"4113516\" data-element_type=\"widget\" data-widget_type=\"spacer.default\">\n\t\t\t\t<div class=\"elementor-widget-container\">\n\t\t\t\t\t\t\t<div class=\"elementor-spacer\">\n\t\t\t<div class=\"elementor-spacer-inner\"><\/div>\n\t\t<\/div>\n\t\t\t\t\t\t<\/div>\n\t\t\t\t<\/div>\n\t\t\t\t<div class=\"elementor-element elementor-element-3197dc1 elementor-widget elementor-widget-heading\" data-id=\"3197dc1\" data-element_type=\"widget\" data-widget_type=\"heading.default\">\n\t\t\t\t<div class=\"elementor-widget-container\">\n\t\t\t\t\t<h4 class=\"elementor-heading-title elementor-size-default\">Polityka plik\u00f3w cookies.<\/h4>\t\t\t\t<\/div>\n\t\t\t\t<\/div>\n\t\t\t\t<div class=\"elementor-element elementor-element-b9b63cf elementor-widget elementor-widget-text-editor\" data-id=\"b9b63cf\" data-element_type=\"widget\" data-widget_type=\"text-editor.default\">\n\t\t\t\t<div class=\"elementor-widget-container\">\n\t\t\t\t\t\t\t\t\t<p>Drogi U\u017cytkowniku Internetu,<\/p><p>Ta strona internetowa zapisuje na Twoim komputerze, a dok\u0142adniej w schowku Twojej<br \/>przegl\u0105darki internetowej (np. Firefox, Internet Explorer, Chrome) na Twoim koncie<br \/>u\u017cytkownika komputera (lub telefonu), na kt\u00f3rym \u0142\u0105czysz si\u0119 z Internetem, tzw. pliki cookie.<br \/>Dzi\u0119ki plikom cookie wykorzystywanym na tej stronie internetowej w systemach statystyk<br \/>internetowych autor tego bloga, wie jak wielu u\u017cytkownik\u00f3w na niego zagl\u0105da co konkretnie<br \/>czytaj\u0105, oraz co pomijaj\u0105. Pozwala to stale ulepsza\u0107 tego bloga. Dodatkowo pliki cookie<br \/>wykorzystywane na tej stronie internetowej do poprawnego dzia\u0142ania wtyczek<br \/>spo\u0142eczno\u015bciowych, kt\u00f3re pozwalaj\u0105 \u0142atwo publikowa\u0107 wpisy z tego bloga na stronach<br \/>serwis\u00f3w spo\u0142eczno\u015bciowych takich jak Facebook, Google+, Twitter czy Pinterest.<\/p><p>Je\u017celi uwa\u017casz, \u017ce obecno\u015b\u0107 plik\u00f3w cookie narusza Twoj\u0105 prywatno\u015b\u0107, mo\u017cesz w ka\u017cdej<br \/>chwili je wy\u0142\u0105czy\u0107 \u2013 zar\u00f3wno dla konkretnej witryny albo w og\u00f3le dla wszystkich po\u0142\u0105cze\u0144 z<br \/>Twojej przegl\u0105darki (Pami\u0119taj, \u017ce mo\u017ce to skutkowa\u0107 brakiem mo\u017cliwo\u015bci dzia\u0142ania<br \/>wybranych funkcjonalno\u015bci stron internetowych).<\/p><p>Jak wy\u0142\u0105czy\u0107 pliki Cookie w Twojej przegl\u0105darce?<br \/>Poni\u017cej znajduj\u0105 si\u0119 instrukcje wy\u0142\u0105czenia plik\u00f3w Cookie w popularnych przegl\u0105darkach<br \/>internetowych. Je\u017celi Twoja przegl\u0105darka nie pasuje do \u017cadnego z podanych poni\u017cej<br \/>opis\u00f3w, poszukaj pomocy na stronie tw\u00f3rcy przegl\u0105darki lub w jej pliku pomocy.<\/p><p>Google Chrome<br \/>Przegl\u0105darka ta opr\u00f3cz mo\u017cliwo\u015bci wyczyszczenia plik\u00f3w cookie pozwala przejrze\u0107<br \/>szczeg\u00f3\u0142owy opis funkcji prywatno\u015bci przegl\u0105darki.<br \/>Aby wyczy\u015bci\u0107 pliki cookies i inne dane przegl\u0105dania, kliknij na przycisk z trzema poziomymi<br \/>kreskami, kt\u00f3ry znajduje si\u0119 po prawej stronie paska adresu \u2013 z pojawiaj\u0105cego si\u0119 menu<br \/>wybierz \u201eNarz\u0119dzia\u201d a nast\u0119pnie \u201eWyczy\u015b\u0107 dane przegl\u0105dania\u201d. Szczeg\u00f3\u0142owy opis funkcji<br \/>prywatno\u015bci przegl\u0105darki znajduje si\u0119 pod linkiem \u201eWi\u0119cej informacji\u201d.<\/p><p>Mozilla Firefox<br \/>Ta przegl\u0105darka udost\u0119pnia Ci mo\u017cliwo\u015b\u0107 okre\u015blenia czy nie chcesz by\u0107 \u015bledzony poprzez<br \/>pliki cookie w og\u00f3le czy te\u017c chcesz usun\u0105\u0107 okre\u015blone pliki cookie konkretnych witryn<br \/>internetowych.<br \/>Aby okre\u015bli\u0107 te ustawienia w menu \u201eNarz\u0119dzia\u201d wybierz \u201eOpcje\u201d a w nich zak\u0142adk\u0119<br \/>\u201ePrywatno\u015b\u0107\u201d.<\/p><p>Microsoft Internet Explorer<br \/>Dzi\u0119ki specjalnemu suwakowi mo\u017cesz okre\u015bli\u0107 og\u00f3lny poziom swoje prywano\u015bci. Dodatkowo<br \/>korzystaj\u0105c z przycisku \u201eWitryny\u201d, mo\u017cesz decydowa\u0107 o ustawieniach dla konkretnych<br \/>serwis\u00f3w internetowych.<br \/>Aby okre\u015bli\u0107 te ustawienia w menu \u201eNarz\u0119dzia\u201d wybierz \u201eOpcje internetowe\u201d a w nich<br \/>zak\u0142adk\u0119 \u201ePrywatno\u015b\u0107\u201d.<\/p><p>Opera<br \/>Korzystaj\u0105c z przycisku \u201eOpera\u201d umieszczonego w lewym g\u00f3rnym rogu nale\u017cy otworzy\u0107<br \/>menu oraz wybra\u0107 w nim \u201eUstawienia\u201d a dalej opcj\u0119 \u201eWyczy\u015b\u0107 histori\u0119 przegl\u0105dania\u201d.<br \/>Dodatkowo znajduje si\u0119 tam przycisk \u201eZarz\u0105dzaj ciasteczkami\u2026\u201d, kt\u00f3ry pozwala na bardziej<br \/>zaawansowane zarz\u0105dzanie opcjami dla poszczeg\u00f3lnych stron internetowych.<\/p><p>Apple Safari<br \/>Korzystaj\u0105c z menu \u201eSafari\u201d wybierz \u201ePreferencje\u201d a w nim zak\u0142adk\u0119 \u201ePrywatno\u015b\u0107\u201d. Zak\u0142adka<br \/>ta zawiera rozbudowane opcje dotycz\u0105ce plik\u00f3w cookie.<br \/>Telefony kom\u00f3rkowe, tablety oraz inne urz\u0105dzenia mobilne<\/p><p>Ka\u017cdy rodzaj urz\u0105dzenia mobilnego, mo\u017ce obs\u0142ugiwa\u0107 tak\u0105 funkcjonalno\u015b\u0107 w inny spos\u00f3b<br \/>zale\u017cnie od rodzaju urz\u0105dzenia i wykorzystywanej platformy. Dlatego nale\u017cy zapozna\u0107 si\u0119 z<br \/>ustawieniami prywatno\u015bci w pliku pomocy, dokumentacji lub instrukcji obs\u0142ugi danego<br \/>urz\u0105dzenia lub systemu operacyjnego.<\/p>\t\t\t\t\t\t\t\t<\/div>\n\t\t\t\t<\/div>\n\t\t\t\t\t<\/div>\n\t\t<\/div>\n\t\t\t\t\t<\/div>\n\t\t<\/section>\n\t\t\t\t<\/div>\n\t\t","protected":false},"excerpt":{"rendered":"<p>Polityka plik\u00f3w cookies. Drogi U\u017cytkowniku Internetu, Ta strona internetowa zapisuje na Twoim komputerze, a dok\u0142adniej w schowku Twojejprzegl\u0105darki internetowej (np. Firefox, Internet Explorer, Chrome) na Twoim koncieu\u017cytkownika komputera (lub telefonu), na kt\u00f3rym \u0142\u0105czysz si\u0119 z Internetem, tzw. pliki cookie.Dzi\u0119ki plikom cookie wykorzystywanym na tej stronie internetowej w systemach statystykinternetowych autor tego bloga, wie jak wielu [&hellip;]<\/p>\n","protected":false},"author":1,"featured_media":0,"parent":0,"menu_order":0,"comment_status":"closed","ping_status":"closed","template":"","meta":{"site-sidebar-layout":"no-sidebar","site-content-layout":"","ast-site-content-layout":"full-width-container","site-content-style":"default","site-sidebar-style":"default","ast-global-header-display":"","ast-banner-title-visibility":"","ast-main-header-display":"","ast-hfb-above-header-display":"","ast-hfb-below-header-display":"","ast-hfb-mobile-header-display":"","site-post-title":"disabled","ast-breadcrumbs-content":"","ast-featured-img":"disabled","footer-sml-layout":"","theme-transparent-header-meta":"","adv-header-id-meta":"","stick-header-meta":"","header-above-stick-meta":"","header-main-stick-meta":"","header-below-stick-meta":"","astra-migrate-meta-layouts":"default","ast-page-background-enabled":"default","ast-page-background-meta":{"desktop":{"background-color":"var(--ast-global-color-4)","background-image":"","background-repeat":"repeat","background-position":"center center","background-size":"auto","background-attachment":"scroll","background-type":"","background-media":"","overlay-type":"","overlay-color":"","overlay-gradient":""},"tablet":{"background-color":"","background-image":"","background-repeat":"repeat","background-position":"center center","background-size":"auto","background-attachment":"scroll","background-type":"","background-media":"","overlay-type":"","overlay-color":"","overlay-gradient":""},"mobile":{"background-color":"","background-image":"","background-repeat":"repeat","background-position":"center center","background-size":"auto","background-attachment":"scroll","background-type":"","background-media":"","overlay-type":"","overlay-color":"","overlay-gradient":""}},"ast-content-background-meta":{"desktop":{"background-color":"var(--ast-global-color-5)","background-image":"","background-repeat":"repeat","background-position":"center center","background-size":"auto","background-attachment":"scroll","background-type":"","background-media":"","overlay-type":"","overlay-color":"","overlay-gradient":""},"tablet":{"background-color":"var(--ast-global-color-5)","background-image":"","background-repeat":"repeat","background-position":"center center","background-size":"auto","background-attachment":"scroll","background-type":"","background-media":"","overlay-type":"","overlay-color":"","overlay-gradient":""},"mobile":{"background-color":"var(--ast-global-color-5)","background-image":"","background-repeat":"repeat","background-position":"center center","background-size":"auto","background-attachment":"scroll","background-type":"","background-media":"","overlay-type":"","overlay-color":"","overlay-gradient":""}},"footnotes":""},"class_list":["post-810","page","type-page","status-publish","hentry"],"_links":{"self":[{"href":"https:\/\/zrecyklingu.pl\/index.php\/wp-json\/wp\/v2\/pages\/810"}],"collection":[{"href":"https:\/\/zrecyklingu.pl\/index.php\/wp-json\/wp\/v2\/pages"}],"about":[{"href":"https:\/\/zrecyklingu.pl\/index.php\/wp-json\/wp\/v2\/types\/page"}],"author":[{"embeddable":true,"href":"https:\/\/zrecyklingu.pl\/index.php\/wp-json\/wp\/v2\/users\/1"}],"replies":[{"embeddable":true,"href":"https:\/\/zrecyklingu.pl\/index.php\/wp-json\/wp\/v2\/comments?post=810"}],"version-history":[{"count":10,"href":"https:\/\/zrecyklingu.pl\/index.php\/wp-json\/wp\/v2\/pages\/810\/revisions"}],"predecessor-version":[{"id":1274,"href":"https:\/\/zrecyklingu.pl\/index.php\/wp-json\/wp\/v2\/pages\/810\/revisions\/1274"}],"wp:attachment":[{"href":"https:\/\/zrecyklingu.pl\/index.php\/wp-json\/wp\/v2\/media?parent=810"}],"curies":[{"name":"wp","href":"https:\/\/api.w.org\/{rel}","templated":true}]}}